{"id":6892,"date":"2024-03-24T19:08:47","date_gmt":"2024-03-24T17:08:47","guid":{"rendered":"https:\/\/seqrell.com\/product\/annke-6k-12mp-bullet-camera-%ce%bc%ce%b5-ai-%ce%b1%ce%bd%ce%af%cf%87%ce%bd%ce%b5%cf%85%cf%83%ce%b7-%ce%b1%ce%bd%ce%b8%cf%81%cf%8e%cf%80%ce%bf%cf%85-%ce%ba%ce%b1%ce%b9-%ce%bf%cf%87%ce%ae%ce%bc%ce%b1\/"},"modified":"2024-04-14T18:56:33","modified_gmt":"2024-04-14T16:56:33","slug":"4874","status":"publish","type":"product","link":"https:\/\/seqrell.com\/el\/product\/4874\/","title":{"rendered":"ANNKE 6K (12MP) Bullet camera \u03bc\u03b5 AI \u03b1\u03bd\u03af\u03c7\u03bd\u03b5\u03c5\u03c3\u03b7 \u03b1\u03bd\u03b8\u03c1\u03ce\u03c0\u03bf\u03c5 \u03ba\u03b1\u03b9 \u03bf\u03c7\u03ae\u03bc\u03b1\u03c4\u03bf\u03c2, \u03ad\u03be\u03c5\u03c0\u03bd\u03bf \u03b4\u03b9\u03c0\u03bb\u03cc \u03c6\u03c9\u03c2, \u03bc\u03b9\u03ba\u03c1\u03cc\u03c6\u03c9\u03bd\u03bf, \u03c5\u03c0\u03bf\u03b4\u03bf\u03c7\u03ae \u03ba\u03ac\u03c1\u03c4\u03b1\u03c2 SD"},"content":{"rendered":"<table border=\"0\" cellspacing=\"0\">\n<colgroup width=\"175\"><\/colgroup>\n<colgroup width=\"652\"><\/colgroup>\n<tbody>\n<tr>\n<td align=\"left\" valign=\"middle\" bgcolor=\"#FFFFFF\" height=\"23\"><span style=\"font-family: Calibri;\">\u0391\u03b9\u03c3\u03b8\u03b7\u03c4\u03ae\u03c1\u03b1\u03c2 \u03b5\u03b9\u03ba\u03cc\u03bd\u03b1\u03c2<\/span><\/td>\n<td align=\"left\" valign=\"middle\" bgcolor=\"#FFFFFF\"><span style=\"font-family: Calibri;\">1\/2.7&#8243; CMOS \u03c0\u03c1\u03bf\u03bf\u03b4\u03b5\u03c5\u03c4\u03b9\u03ba\u03ae\u03c2 \u03c3\u03ac\u03c1\u03c9\u03c3\u03b7\u03c2<\/span><\/td>\n<\/tr>\n<tr>\n<td align=\"left\" valign=\"middle\" bgcolor=\"#FFFFFF\" height=\"23\"><span style=\"font-family: Calibri;\">\u039c\u03ad\u03b3\u03b9\u03c3\u03c4\u03b7 \u03b1\u03bd\u03ac\u03bb\u03c5\u03c3\u03b7<\/span><\/td>\n<td align=\"left\" valign=\"middle\" bgcolor=\"#FFFFFF\"><span style=\"font-family: Calibri;\">4096*3072 (12MP)<\/span><\/td>\n<\/tr>\n<tr>\n<td align=\"left\" valign=\"middle\" bgcolor=\"#FFFFFF\" height=\"36\"><span style=\"font-family: Calibri;\">\u039a\u03cd\u03c1\u03b9\u03bf \u03c1\u03b5\u03cd\u03bc\u03b1<\/span><\/td>\n<td align=\"left\" valign=\"middle\" bgcolor=\"#FFFFFF\"><span style=\"font-family: Calibri;\">50 Hz: (3840*2160, 3200*1800, 2688*1520, 1920*1080, 1280*720)<br \/>\n60 Hz: 15 fps@(3840*2160, 3200*1800, 2688*1520, 1920*1080, 1280*720)<\/span><\/td>\n<\/tr>\n<tr>\n<td align=\"left\" valign=\"middle\" bgcolor=\"#FFFFFF\" height=\"36\"><span style=\"font-family: Calibri;\">\u03a5\u03c0\u03bf\u03c1\u03b5\u03cd\u03bc\u03b1<\/span><\/td>\n<td align=\"left\" valign=\"middle\" bgcolor=\"#FFFFFF\"><span style=\"font-family: Calibri;\">50 Hz: 12,5 fps (1280*720, 640*480, 640*360)<br \/>\n60 Hz: (1280*720, 640*480, 640*360)<\/span><\/td>\n<\/tr>\n<tr>\n<td align=\"left\" valign=\"middle\" bgcolor=\"#FFFFFF\" height=\"36\"><span style=\"font-family: Calibri;\">\u03a3\u03c5\u03bc\u03c0\u03af\u03b5\u03c3\u03b7 \u03b2\u03af\u03bd\u03c4\u03b5\u03bf<\/span><\/td>\n<td align=\"left\" valign=\"middle\" bgcolor=\"#FFFFFF\"><span style=\"font-family: Calibri;\">\u039a\u03cd\u03c1\u03b9\u03b1 \u03c1\u03bf\u03ae: H.265+\/H.265\/H.264+\/H.264<br \/>\n\u03a5\u03c0\u03bf-\u03c1\u03bf\u03ae: H.265\/H.264\/MJPEG<\/span><\/td>\n<\/tr>\n<tr>\n<td align=\"left\" valign=\"middle\" bgcolor=\"#FFFFFF\" height=\"23\"><span style=\"font-family: Calibri;\">\u03a1\u03c5\u03b8\u03bc\u03cc\u03c2 bitrate \u03b2\u03af\u03bd\u03c4\u03b5\u03bf<\/span><\/td>\n<td align=\"left\" valign=\"middle\" bgcolor=\"#FFFFFF\"><span style=\"font-family: Calibri;\">32 Kbps &#8211; 16 Mbps<\/span><\/td>\n<\/tr>\n<tr>\n<td align=\"left\" valign=\"middle\" bgcolor=\"#FFFFFF\" height=\"23\"><span style=\"font-family: Calibri;\">\u03a3\u03c5\u03bc\u03c0\u03af\u03b5\u03c3\u03b7 \u03ae\u03c7\u03bf\u03c5<\/span><\/td>\n<td align=\"left\" valign=\"middle\" bgcolor=\"#FFFFFF\"><span style=\"font-family: Calibri;\">G.711ulaw\/G.711alaw\/G.722.1\/G.726\/MP2L2\/PCM\/AAC-LC<\/span><\/td>\n<\/tr>\n<tr>\n<td align=\"left\" valign=\"middle\" bgcolor=\"#FFFFFF\" height=\"23\"><span style=\"font-family: Calibri;\">\u0395\u03af\u03c3\u03bf\u03b4\u03bf\u03c2 \u03ae\u03c7\u03bf\u03c5<\/span><\/td>\n<td align=\"left\" valign=\"middle\" bgcolor=\"#FFFFFF\"><span style=\"font-family: Calibri;\">\u0395\u03bd\u03c3\u03c9\u03bc\u03b1\u03c4\u03c9\u03bc\u03ad\u03bd\u03bf \u03bc\u03b9\u03ba\u03c1\u03cc\u03c6\u03c9\u03bd\u03bf, \u03b5\u03b3\u03b3\u03c1\u03b1\u03c6\u03ae \u03bc\u03b5 \u03ae\u03c7\u03bf<\/span><\/td>\n<\/tr>\n<tr>\n<td align=\"left\" valign=\"middle\" bgcolor=\"#FFFFFF\" height=\"23\"><span style=\"font-family: Calibri;\">\u03a6\u03b1\u03ba\u03cc\u03c2<\/span><\/td>\n<td align=\"left\" valign=\"middle\" bgcolor=\"#FFFFFF\"><span style=\"font-family: Calibri;\">2,8 mm<\/span><\/td>\n<\/tr>\n<tr>\n<td align=\"left\" valign=\"middle\" bgcolor=\"#FFFFFF\" height=\"23\"><span style=\"font-family: Calibri;\">Min. \u03a6\u03c9\u03c4\u03b9\u03c3\u03bc\u03cc\u03c2<\/span><\/td>\n<td align=\"left\" valign=\"middle\" bgcolor=\"#FFFFFF\"><span style=\"font-family: Calibri;\">\u0388\u03b3\u03c7\u03c1\u03c9\u03bc\u03bf: 0,01 Lux @ (F2.0, AGC ON), \u0391\u03c3\u03c0\u03c1\u03cc\u03bc\u03b1\u03c5\u03c1\u03bf: 0 Lux \u03bc\u03b5 IR<\/span><\/td>\n<\/tr>\n<tr>\n<td align=\"left\" valign=\"middle\" bgcolor=\"#FFFFFF\" height=\"23\"><span style=\"font-family: Calibri;\">\u0393\u03c9\u03bd\u03af\u03b1 \u03b8\u03ad\u03b1\u03c3\u03b7\u03c2<\/span><\/td>\n<td align=\"left\" valign=\"middle\" bgcolor=\"#FFFFFF\"><span style=\"font-family: Calibri;\">\u039f\u03c1\u03b9\u03b6\u03cc\u03bd\u03c4\u03b9\u03b1 FOV 113\u00b0, \u03ba\u03ac\u03b8\u03b5\u03c4\u03b7 FOV 62\u00b0, \u03b4\u03b9\u03b1\u03b3\u03ce\u03bd\u03b9\u03b1 FOV 134\u00b0<\/span><\/td>\n<\/tr>\n<tr>\n<td align=\"left\" valign=\"middle\" bgcolor=\"#FFFFFF\" height=\"23\"><span style=\"font-family: Calibri;\">\u03a3\u03c5\u03bc\u03c0\u03bb\u03ae\u03c1\u03c9\u03bc\u03b1 \u03a4\u03cd\u03c0\u03bf\u03c2 \u03c6\u03c9\u03c4\u03cc\u03c2<\/span><\/td>\n<td align=\"left\" valign=\"middle\" bgcolor=\"#FFFFFF\"><span style=\"font-family: Calibri;\">\u0388\u03be\u03c5\u03c0\u03bd\u03bf \u03b4\u03b9\u03c0\u03bb\u03cc \u03c6\u03c9\u03c2, IR, \u03bb\u03b5\u03c5\u03ba\u03cc \u03c6\u03c9\u03c2<\/span><\/td>\n<\/tr>\n<tr>\n<td align=\"left\" valign=\"middle\" bgcolor=\"#FFFFFF\" height=\"23\"><span style=\"font-family: Calibri;\">\u03a3\u03c5\u03bc\u03c0\u03bb\u03ae\u03c1\u03c9\u03bc\u03b1 \u0395\u03cd\u03c1\u03bf\u03c2 \u03c6\u03c9\u03c4\u03cc\u03c2<\/span><\/td>\n<td align=\"left\" valign=\"middle\" bgcolor=\"#FFFFFF\"><span style=\"font-family: Calibri;\">\u039c\u03ad\u03c7\u03c1\u03b9 30 m<\/span><\/td>\n<\/tr>\n<tr>\n<td align=\"left\" valign=\"middle\" bgcolor=\"#FFFFFF\" height=\"23\"><span style=\"font-family: Calibri;\">\u0391\u03bd\u03af\u03c7\u03bd\u03b5\u03c5\u03c3\u03b7 \u03ba\u03af\u03bd\u03b7\u03c3\u03b7\u03c2 2.0<\/span><\/td>\n<td align=\"left\" valign=\"middle\" bgcolor=\"#FFFFFF\"><span style=\"font-family: Calibri;\">Supoort, \u03c0\u03b5\u03c1\u03b9\u03bb\u03b1\u03bc\u03b2\u03ac\u03bd\u03b5\u03b9 \u03b1\u03bd\u03af\u03c7\u03bd\u03b5\u03c5\u03c3\u03b7 \u03b1\u03bd\u03b8\u03c1\u03ce\u03c0\u03bf\u03c5 \u03ba\u03b1\u03b9 \u03bf\u03c7\u03ae\u03bc\u03b1\u03c4\u03bf\u03c2<\/span><\/td>\n<\/tr>\n<tr>\n<td align=\"left\" valign=\"middle\" bgcolor=\"#FFFFFF\" height=\"23\"><span style=\"font-family: Calibri;\">\u0392\u03b5\u03bb\u03c4\u03af\u03c9\u03c3\u03b7 \u03b5\u03b9\u03ba\u03cc\u03bd\u03b1\u03c2<\/span><\/td>\n<td align=\"left\" valign=\"middle\" bgcolor=\"#FFFFFF\"><span style=\"font-family: Calibri;\">BLC, HLC, 3D DNR<\/span><\/td>\n<\/tr>\n<tr>\n<td align=\"left\" valign=\"middle\" bgcolor=\"#FFFFFF\" height=\"23\"><span style=\"font-family: Calibri;\">\u0395\u03c5\u03c1\u03cd \u03b4\u03c5\u03bd\u03b1\u03bc\u03b9\u03ba\u03cc \u03b5\u03cd\u03c1\u03bf\u03c2<\/span><\/td>\n<td align=\"left\" valign=\"middle\" bgcolor=\"#FFFFFF\"><span style=\"font-family: Calibri;\">120 dB WDR<\/span><\/td>\n<\/tr>\n<tr>\n<td align=\"left\" valign=\"middle\" bgcolor=\"#FFFFFF\" height=\"23\"><span style=\"font-family: Calibri;\">\u03a0\u03c1\u03c9\u03c4\u03cc\u03ba\u03bf\u03bb\u03bb\u03b1<\/span><\/td>\n<td align=\"left\" valign=\"middle\" bgcolor=\"#FFFFFF\"><span style=\"font-family: Calibri;\">TCP\/IP, ICMP, DHCP, DNS, HTTP, RTP, RTSP, NTP, IGMP, IPv6, UDP, QoS, FTP, SMTP, UPnP<\/span><\/td>\n<\/tr>\n<tr>\n<td align=\"left\" valign=\"middle\" bgcolor=\"#FFFFFF\" height=\"23\"><span style=\"font-family: Calibri;\">API<\/span><\/td>\n<td align=\"left\" valign=\"middle\" bgcolor=\"#FFFFFF\"><span style=\"font-family: Calibri;\">Open Network Video Interface \u0388\u03ba\u03b4\u03bf\u03c3\u03b7 19.12 (\u03c0\u03c1\u03bf\u03c6\u03af\u03bb S, \u03c0\u03c1\u03bf\u03c6\u03af\u03bb T, \u03c0\u03c1\u03bf\u03c6\u03af\u03bb G)<\/span><\/td>\n<\/tr>\n<tr>\n<td align=\"left\" valign=\"middle\" bgcolor=\"#FFFFFF\" height=\"23\"><span style=\"font-family: Calibri;\">\u03a0\u03b5\u03c1\u03b9\u03bf\u03c7\u03ae \u03b5\u03bd\u03b4\u03b9\u03b1\u03c6\u03ad\u03c1\u03bf\u03bd\u03c4\u03bf\u03c2 (ROI)<\/span><\/td>\n<td align=\"left\" valign=\"middle\" bgcolor=\"#FFFFFF\"><span style=\"font-family: Calibri;\">1 \u03c3\u03c4\u03b1\u03b8\u03b5\u03c1\u03ae \u03c0\u03b5\u03c1\u03b9\u03bf\u03c7\u03ae \u03b3\u03b9\u03b1 \u03c4\u03bf \u03ba\u03cd\u03c1\u03b9\u03bf \u03c1\u03b5\u03cd\u03bc\u03b1<\/span><\/td>\n<\/tr>\n<tr>\n<td align=\"left\" valign=\"middle\" bgcolor=\"#FFFFFF\" height=\"23\"><span style=\"font-family: Calibri;\">\u039c\u03ac\u03c3\u03ba\u03b1 \u03b1\u03c0\u03bf\u03c1\u03c1\u03ae\u03c4\u03bf\u03c5<\/span><\/td>\n<td align=\"left\" valign=\"middle\" bgcolor=\"#FFFFFF\"><span style=\"font-family: Calibri;\">4 \u03c0\u03c1\u03bf\u03b3\u03c1\u03b1\u03bc\u03bc\u03b1\u03c4\u03b9\u03b6\u03cc\u03bc\u03b5\u03bd\u03b5\u03c2 \u03c0\u03bf\u03bb\u03c5\u03b3\u03c9\u03bd\u03b9\u03ba\u03ad\u03c2 \u03bc\u03ac\u03c3\u03ba\u03b5\u03c2 \u03b1\u03c0\u03bf\u03c1\u03c1\u03ae\u03c4\u03bf\u03c5<\/span><\/td>\n<\/tr>\n<tr>\n<td align=\"left\" valign=\"middle\" bgcolor=\"#FFFFFF\" height=\"23\"><span style=\"font-family: Calibri;\">\u0393\u03b5\u03bd\u03b9\u03ba\u03ae \u03bb\u03b5\u03b9\u03c4\u03bf\u03c5\u03c1\u03b3\u03af\u03b1<\/span><\/td>\n<td align=\"left\" valign=\"middle\" bgcolor=\"#FFFFFF\"><span style=\"font-family: Calibri;\">\u039b\u03b5\u03b9\u03c4\u03bf\u03c5\u03c1\u03b3\u03af\u03b1 \u03c0\u03b5\u03c1\u03b9\u03c3\u03c4\u03c1\u03bf\u03c6\u03ae\u03c2, \u03ba\u03b1\u03b8\u03c1\u03ad\u03c6\u03c4\u03b7\u03c2, \u03c0\u03c1\u03bf\u03c3\u03c4\u03b1\u03c3\u03af\u03b1 \u03bc\u03b5 \u03ba\u03c9\u03b4\u03b9\u03ba\u03cc \u03c0\u03c1\u03cc\u03c3\u03b2\u03b1\u03c3\u03b7\u03c2, \u03b1\u03c0\u03bf\u03bc\u03b1\u03ba\u03c1\u03c5\u03c3\u03bc\u03ad\u03bd\u03b7 \u03c0\u03c1\u03cc\u03c3\u03b2\u03b1\u03c3\u03b7<\/span><\/td>\n<\/tr>\n<tr>\n<td align=\"left\" valign=\"middle\" bgcolor=\"#FFFFFF\" height=\"23\"><span style=\"font-family: Calibri;\">Ethernet<\/span><\/td>\n<td align=\"left\" valign=\"middle\" bgcolor=\"#FFFFFF\"><span style=\"font-family: Calibri;\">1 \u03b1\u03c5\u03c4\u03bf\u03c0\u03c1\u03bf\u03c3\u03b1\u03c1\u03bc\u03bf\u03b6\u03cc\u03bc\u03b5\u03bd\u03b7 \u03b8\u03cd\u03c1\u03b1 Ethernet RJ45 10 M\/100 M<\/span><\/td>\n<\/tr>\n<tr>\n<td align=\"left\" valign=\"middle\" bgcolor=\"#FFFFFF\" height=\"23\"><span style=\"font-family: Calibri;\">\u03a3\u03c4\u03ad\u03b3\u03b1\u03c3\u03b7<\/span><\/td>\n<td align=\"left\" valign=\"middle\" bgcolor=\"#FFFFFF\"><span style=\"font-family: Calibri;\">\u039c\u03ad\u03c4\u03b1\u03bb\u03bb\u03bf &amp; \u03a0\u03bb\u03b1\u03c3\u03c4\u03b9\u03ba\u03cc<\/span><\/td>\n<\/tr>\n<tr>\n<td align=\"left\" valign=\"middle\" bgcolor=\"#FFFFFF\" height=\"23\"><span style=\"font-family: Calibri;\">\u03a7\u03c1\u03ce\u03bc\u03b1<\/span><\/td>\n<td align=\"left\" valign=\"middle\" bgcolor=\"#FFFFFF\"><span style=\"font-family: Calibri;\">\u039b\u03b5\u03c5\u03ba\u03cc &amp; \u03bc\u03b1\u03cd\u03c1\u03bf<\/span><\/td>\n<\/tr>\n<tr>\n<td align=\"left\" valign=\"middle\" bgcolor=\"#FFFFFF\" height=\"23\"><span style=\"font-family: Calibri;\">\u0391\u03c0\u03bf\u03b8\u03ae\u03ba\u03b5\u03c5\u03c3\u03b7<\/span><\/td>\n<td align=\"left\" valign=\"middle\" bgcolor=\"#FFFFFF\"><span style=\"font-family: Calibri;\">\u0395\u03bd\u03c3\u03c9\u03bc\u03b1\u03c4\u03c9\u03bc\u03ad\u03bd\u03b7 \u03c5\u03c0\u03bf\u03b4\u03bf\u03c7\u03ae microSD\/SDHC\/SDXC, \u03ad\u03c9\u03c2 512 GB<\/span><\/td>\n<\/tr>\n<tr>\n<td align=\"left\" valign=\"middle\" bgcolor=\"#FFFFFF\" height=\"23\"><span style=\"font-family: Calibri;\">\u0395\u03c0\u03b1\u03bd\u03b1\u03c6\u03bf\u03c1\u03ac \u03c5\u03bb\u03b9\u03ba\u03bf\u03cd<\/span><\/td>\n<td align=\"left\" valign=\"middle\" bgcolor=\"#FFFFFF\"><span style=\"font-family: Calibri;\">\u039d\u03b1\u03b9<\/span><\/td>\n<\/tr>\n<tr>\n<td align=\"left\" valign=\"middle\" bgcolor=\"#FFFFFF\" height=\"23\"><span style=\"font-family: Calibri;\">\u0399\u03c3\u03c7\u03cd\u03c2 \u03bb\u03b5\u03b9\u03c4\u03bf\u03c5\u03c1\u03b3\u03af\u03b1\u03c2<\/span><\/td>\n<td align=\"left\" valign=\"middle\" bgcolor=\"#FFFFFF\"><span style=\"font-family: Calibri;\">DC 12 V\u00b1 25%, \u03bc\u03ad\u03b3. 5 W- PoE (802.3af), \u03bc\u03ad\u03b3. 6.5 W<\/span><\/td>\n<\/tr>\n<tr>\n<td align=\"left\" valign=\"middle\" bgcolor=\"#FFFFFF\" height=\"23\"><span style=\"font-family: Calibri;\">\u0398\u03b5\u03c1\u03bc\u03bf\u03ba\u03c1\u03b1\u03c3\u03af\u03b1 \u03bb\u03b5\u03b9\u03c4\u03bf\u03c5\u03c1\u03b3\u03af\u03b1\u03c2<\/span><\/td>\n<td align=\"left\" valign=\"middle\" bgcolor=\"#FFFFFF\"><span style=\"font-family: Calibri;\">-22 \u00b0F &#8211; 140 \u00b0F\/-30 \u00b0C &#8211; 60 \u00b0C<\/span><\/td>\n<\/tr>\n<tr>\n<td align=\"left\" valign=\"middle\" bgcolor=\"#FFFFFF\" height=\"23\"><span style=\"font-family: Calibri;\">\u0395\u03c3\u03c9\u03c4\u03b5\u03c1\u03b9\u03ba\u03ae\/\u03b5\u03be\u03c9\u03c4\u03b5\u03c1\u03b9\u03ba\u03ae \u03c7\u03c1\u03ae\u03c3\u03b7<\/span><\/td>\n<td align=\"left\" valign=\"middle\" bgcolor=\"#FFFFFF\"><span style=\"font-family: Calibri;\">\u0395\u03c3\u03c9\u03c4\u03b5\u03c1\u03b9\u03ba\u03bf\u03cd\/\u03b5\u03be\u03c9\u03c4\u03b5\u03c1\u03b9\u03ba\u03bf\u03cd \u03c7\u03ce\u03c1\u03bf\u03c5<\/span><\/td>\n<\/tr>\n<tr>\n<td align=\"left\" valign=\"middle\" bgcolor=\"#FFFFFF\" height=\"23\"><span style=\"font-family: Calibri;\">\u03a0\u03c1\u03bf\u03c3\u03c4\u03b1\u03c3\u03af\u03b1 \u03b4\u03b9\u03b5\u03c0\u03b1\u03c6\u03ae\u03c2<\/span><\/td>\n<td align=\"left\" valign=\"middle\" bgcolor=\"#FFFFFF\"><span style=\"font-family: Calibri;\">IP67<\/span><\/td>\n<\/tr>\n<tr>\n<td align=\"left\" valign=\"middle\" bgcolor=\"#FFFFFF\" height=\"23\"><span style=\"font-family: Calibri;\">\u0394\u03b9\u03ac\u03c3\u03c4\u03b1\u03c3\u03b7 (L X W X H)<\/span><\/td>\n<td align=\"left\" valign=\"middle\" bgcolor=\"#FFFFFF\"><span style=\"font-family: Calibri;\">170,8 mm \u00d7 66 mm \u00d7 69,1 mm (6,7&#8243; \u00d7 2,6&#8243; \u00d7 2,7&#8243;)<\/span><\/td>\n<\/tr>\n<tr>\n<td align=\"left\" valign=\"middle\" bgcolor=\"#FFFFFF\" height=\"23\"><span style=\"font-family: Calibri;\">\u0392\u03ac\u03c1\u03bf\u03c2<\/span><\/td>\n<td align=\"left\" valign=\"middle\" bgcolor=\"#FFFFFF\"><span style=\"font-family: Calibri;\">0,6 lb.\/285 g<\/span><\/td>\n<\/tr>\n<\/tbody>\n<\/table>\n","protected":false},"excerpt":{"rendered":"<h4><strong>\u0392\u03b1\u03c3\u03b9\u03ba\u03ac \u03c7\u03b1\u03c1\u03b1\u03ba\u03c4\u03b7\u03c1\u03b9\u03c3\u03c4\u03b9\u03ba\u03ac<\/strong><\/h4>\n<ul>\n<li>  \u0388\u03be\u03c5\u03c0\u03bd\u03b7 \u03ba\u03ac\u03bc\u03b5\u03c1\u03b1 \u03b4\u03b9\u03ba\u03c4\u03cd\u03bf\u03c5 12MP \u03b4\u03b9\u03c0\u03bb\u03bf\u03cd \u03c6\u03c9\u03c4\u03b9\u03c3\u03bc\u03bf\u03cd \u03bc\u03b5 \u03ba\u03bb\u03af\u03bc\u03b1\u03ba\u03b1 \u03b5\u03b9\u03ba\u03cc\u03bd\u03b1\u03c2 16:9<\/li>\n<li>  \u039f \u03c6\u03b1\u03ba\u03cc\u03c2 2,8mm \u03b5\u03c0\u03b1\u03bd\u03b1\u03c6\u03ad\u03c1\u03b5\u03b9 \u03c4\u03b1 \u03c0\u03ac\u03bd\u03c4\u03b1 \u03c3\u03c4\u03b7 \u03b6\u03c9\u03ae<\/li>\n<li>  \u0391\u03c0\u03bf\u03b4\u03bf\u03c4\u03b9\u03ba\u03ae \u03c4\u03b5\u03c7\u03bd\u03bf\u03bb\u03bf\u03b3\u03af\u03b1 \u03c3\u03c5\u03bc\u03c0\u03af\u03b5\u03c3\u03b7\u03c2 H.265+<\/li>\n<li>  \u0391\u03bd\u03af\u03c7\u03bd\u03b5\u03c5\u03c3\u03b7 \u03ba\u03af\u03bd\u03b7\u03c3\u03b7\u03c2 2.0 \u03bc\u03b5 \u03b1\u03bd\u03af\u03c7\u03bd\u03b5\u03c5\u03c3\u03b7 \u03b1\u03bd\u03b8\u03c1\u03ce\u03c0\u03bf\u03c5 \u03ba\u03b1\u03b9 \u03bf\u03c7\u03ae\u03bc\u03b1\u03c4\u03bf\u03c2<\/li>\n<li>  Smart Dual-Light: \u03c0\u03c1\u03bf\u03b7\u03b3\u03bc\u03ad\u03bd\u03b7 \u03c4\u03b5\u03c7\u03bd\u03bf\u03bb\u03bf\u03b3\u03af\u03b1 \u03bc\u03b5 \u03bc\u03b5\u03b3\u03ac\u03bb\u03b7 \u03b5\u03bc\u03b2\u03ad\u03bb\u03b5\u03b9\u03b1<\/li>\n<li>  \u039a\u03b1\u03b8\u03b1\u03c1\u03ae \u03cc\u03c1\u03b1\u03c3\u03b7 \u03b7\u03bc\u03ad\u03c1\u03b1\u03c2 \u03ba\u03b1\u03b9 \u03bd\u03cd\u03c7\u03c4\u03b1\u03c2 \u03bc\u03b5 3D DNR \u03ba\u03b1\u03b9 120DB WDR<\/li>\n<li>  \u0395\u03bd\u03c3\u03c9\u03bc\u03b1\u03c4\u03c9\u03bc\u03ad\u03bd\u03bf \u03bc\u03b9\u03ba\u03c1\u03cc\u03c6\u03c9\u03bd\u03bf \u03b3\u03b9\u03b1 \u03b1\u03c3\u03c6\u03ac\u03bb\u03b5\u03b9\u03b1 \u03ae\u03c7\u03bf\u03c5 \u03c3\u03b5 \u03c0\u03c1\u03b1\u03b3\u03bc\u03b1\u03c4\u03b9\u03ba\u03cc \u03c7\u03c1\u03cc\u03bd\u03bf<\/li>\n<li>  \u03a5\u03c0\u03bf\u03c3\u03c4\u03ae\u03c1\u03b9\u03be\u03b7 \u03b5\u03bd\u03c3\u03c9\u03bc\u03b1\u03c4\u03c9\u03bc\u03ad\u03bd\u03bf\u03c5 \u03b1\u03c0\u03bf\u03b8\u03b7\u03ba\u03b5\u03c5\u03c4\u03b9\u03ba\u03bf\u03cd \u03c7\u03ce\u03c1\u03bf\u03c5 \u03ad\u03c9\u03c2 512 GB (\u03c5\u03c0\u03bf\u03b4\u03bf\u03c7\u03ae \u03ba\u03ac\u03c1\u03c4\u03b1\u03c2 SD)<\/li>\n<li>  IP67 \u03a3\u03ba\u03cc\u03bd\u03b7 \u03ba\u03b1\u03b9 \u03b1\u03b4\u03b9\u03ac\u03b2\u03c1\u03bf\u03c7\u03b7 \u03b2\u03b1\u03b8\u03bc\u03bf\u03bb\u03bf\u03b3\u03af\u03b1<\/li>\n<li>  \u03a5\u03c0\u03bf\u03c3\u03c4\u03ae\u03c1\u03b9\u03be\u03b7 PoE &amp;DC12V<\/li>\n<\/ul>\n","protected":false},"featured_media":5950,"comment_status":"open","ping_status":"closed","template":"","meta":{"_exactmetrics_skip_tracking":false,"_exactmetrics_sitenote_active":false,"_exactmetrics_sitenote_note":"","_exactmetrics_sitenote_category":0},"product_brand":[],"product_cat":[247],"product_tag":[],"class_list":{"0":"post-6892","1":"product","2":"type-product","3":"status-publish","4":"has-post-thumbnail","6":"product_cat--cctv","8":"first","9":"instock","10":"shipping-taxable","11":"purchasable","12":"product-type-simple"},"_links":{"self":[{"href":"https:\/\/seqrell.com\/el\/wp-json\/wp\/v2\/product\/6892","targetHints":{"allow":["GET"]}}],"collection":[{"href":"https:\/\/seqrell.com\/el\/wp-json\/wp\/v2\/product"}],"about":[{"href":"https:\/\/seqrell.com\/el\/wp-json\/wp\/v2\/types\/product"}],"replies":[{"embeddable":true,"href":"https:\/\/seqrell.com\/el\/wp-json\/wp\/v2\/comments?post=6892"}],"wp:featuredmedia":[{"embeddable":true,"href":"https:\/\/seqrell.com\/el\/wp-json\/wp\/v2\/media\/5950"}],"wp:attachment":[{"href":"https:\/\/seqrell.com\/el\/wp-json\/wp\/v2\/media?parent=6892"}],"wp:term":[{"taxonomy":"product_brand","embeddable":true,"href":"https:\/\/seqrell.com\/el\/wp-json\/wp\/v2\/product_brand?post=6892"},{"taxonomy":"product_cat","embeddable":true,"href":"https:\/\/seqrell.com\/el\/wp-json\/wp\/v2\/product_cat?post=6892"},{"taxonomy":"product_tag","embeddable":true,"href":"https:\/\/seqrell.com\/el\/wp-json\/wp\/v2\/product_tag?post=6892"}],"curies":[{"name":"wp","href":"https:\/\/api.w.org\/{rel}","templated":true}]}}