{"id":6922,"date":"2024-03-24T17:15:56","date_gmt":"2024-03-24T15:15:56","guid":{"rendered":"https:\/\/seqrell.com\/product\/annke-%ce%ba%ce%ac%ce%bc%ce%b5%cf%81%ce%b1-%ce%b8%cf%8c%ce%bb%ce%bf%cf%85-3k-5mp-%ce%bc%ce%b5-ai-%ce%b1%ce%bd%ce%af%cf%87%ce%bd%ce%b5%cf%85%cf%83%ce%b7-%ce%b1%ce%bd%ce%b8%cf%81%cf%8e%cf%80%ce%bf\/"},"modified":"2024-04-14T18:59:04","modified_gmt":"2024-04-14T16:59:04","slug":"annke-3k-5mp-dome-camera-with-ai-human-and-vehicle-detection-smart-dual-light-microphone-sd-card-slot","status":"publish","type":"product","link":"https:\/\/seqrell.com\/el\/product\/annke-3k-5mp-dome-camera-with-ai-human-and-vehicle-detection-smart-dual-light-microphone-sd-card-slot\/","title":{"rendered":"ANNKE \u03ba\u03ac\u03bc\u03b5\u03c1\u03b1 \u03b8\u03cc\u03bb\u03bf\u03c5 3K (5MP) \u03bc\u03b5 AI \u03b1\u03bd\u03af\u03c7\u03bd\u03b5\u03c5\u03c3\u03b7 \u03b1\u03bd\u03b8\u03c1\u03ce\u03c0\u03bf\u03c5 \u03ba\u03b1\u03b9 \u03bf\u03c7\u03ae\u03bc\u03b1\u03c4\u03bf\u03c2, \u03ad\u03be\u03c5\u03c0\u03bd\u03bf \u03b4\u03b9\u03c0\u03bb\u03cc \u03c6\u03c9\u03c2, \u03bc\u03b9\u03ba\u03c1\u03cc\u03c6\u03c9\u03bd\u03bf, \u03c5\u03c0\u03bf\u03b4\u03bf\u03c7\u03ae \u03ba\u03ac\u03c1\u03c4\u03b1\u03c2 SD"},"content":{"rendered":"<table border=\"0\" cellspacing=\"0\">\n<colgroup width=\"175\"><\/colgroup>\n<colgroup width=\"616\"><\/colgroup>\n<tbody>\n<tr>\n<td align=\"left\" valign=\"middle\" bgcolor=\"#FFFFFF\" height=\"23\"><span style=\"font-family: Calibri;\">\u0391\u03b9\u03c3\u03b8\u03b7\u03c4\u03ae\u03c1\u03b1\u03c2 \u03b5\u03b9\u03ba\u03cc\u03bd\u03b1\u03c2<\/span><\/td>\n<td align=\"left\" valign=\"middle\" bgcolor=\"#FFFFFF\"><span style=\"font-family: Calibri;\">\u03a0\u03c1\u03bf\u03bf\u03b4\u03b5\u03c5\u03c4\u03b9\u03ba\u03ae \u03c3\u03ac\u03c1\u03c9\u03c3\u03b7 CMOS 1\/3&#8243;<\/span><\/td>\n<\/tr>\n<tr>\n<td align=\"left\" valign=\"middle\" bgcolor=\"#FFFFFF\" height=\"23\"><span style=\"font-family: Calibri;\">\u039c\u03ad\u03b3\u03b9\u03c3\u03c4\u03b7 \u03b1\u03bd\u03ac\u03bb\u03c5\u03c3\u03b7<\/span><\/td>\n<td align=\"left\" valign=\"middle\" bgcolor=\"#FFFFFF\"><span style=\"font-family: Calibri;\">3K (3072*1728), \u03b1\u03bd\u03b1\u03bb\u03bf\u03b3\u03af\u03b1 \u03b5\u03b9\u03ba\u03cc\u03bd\u03b1\u03c2 16:9 \u03b5\u03af\u03bd\u03b1\u03b9 \u03c0\u03b9\u03bf \u03ba\u03b1\u03c4\u03ac\u03bb\u03bb\u03b7\u03bb\u03b7 \u03b3\u03b9\u03b1 \u03c4\u03b9\u03c2 \u03c0\u03b9\u03bf \u03b4\u03b7\u03bc\u03bf\u03c6\u03b9\u03bb\u03b5\u03af\u03c2 \u03bf\u03b8\u03cc\u03bd\u03b5\u03c2<\/span><\/td>\n<\/tr>\n<tr>\n<td align=\"left\" valign=\"middle\" bgcolor=\"#FFFFFF\" height=\"42\"><span style=\"font-family: Calibri;\">\u039a\u03cd\u03c1\u03b9\u03bf \u03c1\u03b5\u03cd\u03bc\u03b1<\/span><\/td>\n<td align=\"left\" valign=\"middle\" bgcolor=\"#FFFFFF\"><span style=\"font-family: Calibri;\">50 Hz: 20 fps (3072*1728), 25 fps ( 1920 X 1080, 1280 X 720)<br \/>\n60 Hz: 24 fps ( 1920 X 1080, 1280 X 720)<\/span><\/td>\n<\/tr>\n<tr>\n<td align=\"left\" valign=\"middle\" bgcolor=\"#FFFFFF\" height=\"42\"><span style=\"font-family: Calibri;\">\u03a5\u03c0\u03bf\u03c1\u03b5\u03cd\u03bc\u03b1<\/span><\/td>\n<td align=\"left\" valign=\"middle\" bgcolor=\"#FFFFFF\"><span style=\"font-family: Calibri;\">50 Hz: 640 X 480, 640 X 360)<br \/>\n60 Hz: 640 X 480, 640 X 360)<\/span><\/td>\n<\/tr>\n<tr>\n<td align=\"left\" valign=\"middle\" bgcolor=\"#FFFFFF\" height=\"42\"><span style=\"font-family: Calibri;\">\u03a3\u03c5\u03bc\u03c0\u03af\u03b5\u03c3\u03b7 \u03b2\u03af\u03bd\u03c4\u03b5\u03bf<\/span><\/td>\n<td align=\"left\" valign=\"middle\" bgcolor=\"#FFFFFF\"><span style=\"font-family: Calibri;\">\u039a\u03cd\u03c1\u03b9\u03b1 \u03c1\u03bf\u03ae: H.265+\/H.265\/H.264+\/H.264<br \/>\n\u03a5\u03c0\u03bf-\u03c1\u03bf\u03ae: H.265\/H.264\/MJPEG<\/span><\/td>\n<\/tr>\n<tr>\n<td align=\"left\" valign=\"middle\" bgcolor=\"#FFFFFF\" height=\"23\"><span style=\"font-family: Calibri;\">\u03a1\u03c5\u03b8\u03bc\u03cc\u03c2 bitrate \u03b2\u03af\u03bd\u03c4\u03b5\u03bf<\/span><\/td>\n<td align=\"left\" valign=\"middle\" bgcolor=\"#FFFFFF\"><span style=\"font-family: Calibri;\">32 Kbps &#8211; 6 Mbps<\/span><\/td>\n<\/tr>\n<tr>\n<td align=\"left\" valign=\"middle\" bgcolor=\"#FFFFFF\" height=\"23\"><span style=\"font-family: Calibri;\">\u03a3\u03c5\u03bc\u03c0\u03af\u03b5\u03c3\u03b7 \u03ae\u03c7\u03bf\u03c5<\/span><\/td>\n<td align=\"left\" valign=\"middle\" bgcolor=\"#FFFFFF\"><span style=\"font-family: Calibri;\">G.711ulaw\/G.711alaw\/G.722.1\/G.726\/MP2L2\/PCM\/AAC<\/span><\/td>\n<\/tr>\n<tr>\n<td align=\"left\" valign=\"middle\" bgcolor=\"#FFFFFF\" height=\"23\"><span style=\"font-family: Calibri;\">\u0395\u03af\u03c3\u03bf\u03b4\u03bf\u03c2 \u03ae\u03c7\u03bf\u03c5<\/span><\/td>\n<td align=\"left\" valign=\"middle\" bgcolor=\"#FFFFFF\"><span style=\"font-family: Calibri;\">\u0395\u03bd\u03c3\u03c9\u03bc\u03b1\u03c4\u03c9\u03bc\u03ad\u03bd\u03bf \u03bc\u03b9\u03ba\u03c1\u03cc\u03c6\u03c9\u03bd\u03bf, \u03b5\u03b3\u03b3\u03c1\u03b1\u03c6\u03ae \u03bc\u03b5 \u03ae\u03c7\u03bf<\/span><\/td>\n<\/tr>\n<tr>\n<td align=\"left\" valign=\"middle\" bgcolor=\"#FFFFFF\" height=\"23\"><span style=\"font-family: Calibri;\">\u03a6\u03b1\u03ba\u03cc\u03c2<\/span><\/td>\n<td align=\"left\" valign=\"middle\" bgcolor=\"#FFFFFF\"><span style=\"font-family: Calibri;\">2,8 mm<\/span><\/td>\n<\/tr>\n<tr>\n<td align=\"left\" valign=\"middle\" bgcolor=\"#FFFFFF\" height=\"23\"><span style=\"font-family: Calibri;\">Min. \u03a6\u03c9\u03c4\u03b9\u03c3\u03bc\u03cc\u03c2<\/span><\/td>\n<td align=\"left\" valign=\"middle\" bgcolor=\"#FFFFFF\"><span style=\"font-family: Calibri;\">\u0388\u03b3\u03c7\u03c1\u03c9\u03bc\u03bf: 0,005 Lux @ (F1.6, AGC ON), \u0391\u03c3\u03c0\u03c1\u03cc\u03bc\u03b1\u03c5\u03c1\u03bf: 0 Lux \u03bc\u03b5 IR<\/span><\/td>\n<\/tr>\n<tr>\n<td align=\"left\" valign=\"middle\" bgcolor=\"#FFFFFF\" height=\"23\"><span style=\"font-family: Calibri;\">\u0393\u03c9\u03bd\u03af\u03b1 \u03b8\u03ad\u03b1\u03c3\u03b7\u03c2<\/span><\/td>\n<td align=\"left\" valign=\"middle\" bgcolor=\"#FFFFFF\"><span style=\"font-family: Calibri;\">\u039f\u03c1\u03b9\u03b6\u03cc\u03bd\u03c4\u03b9\u03b1 FOV 98\u00b0, \u03ba\u03ac\u03b8\u03b5\u03c4\u03b7 FOV 54\u00b0, \u03b4\u03b9\u03b1\u03b3\u03ce\u03bd\u03b9\u03b1 FOV 114\u00b0<\/span><\/td>\n<\/tr>\n<tr>\n<td align=\"left\" valign=\"middle\" bgcolor=\"#FFFFFF\" height=\"23\"><span style=\"font-family: Calibri;\">\u03a3\u03c5\u03bc\u03c0\u03bb\u03ae\u03c1\u03c9\u03bc\u03b1 \u03a4\u03cd\u03c0\u03bf\u03c2 \u03c6\u03c9\u03c4\u03cc\u03c2<\/span><\/td>\n<td align=\"left\" valign=\"middle\" bgcolor=\"#FFFFFF\"><span style=\"font-family: Calibri;\">\u0388\u03be\u03c5\u03c0\u03bd\u03bf \u03b4\u03b9\u03c0\u03bb\u03cc \u03c6\u03c9\u03c2, IR, \u03bb\u03b5\u03c5\u03ba\u03cc \u03c6\u03c9\u03c2<\/span><\/td>\n<\/tr>\n<tr>\n<td align=\"left\" valign=\"middle\" bgcolor=\"#FFFFFF\" height=\"23\"><span style=\"font-family: Calibri;\">\u03a3\u03c5\u03bc\u03c0\u03bb\u03ae\u03c1\u03c9\u03bc\u03b1 \u0395\u03cd\u03c1\u03bf\u03c2 \u03c6\u03c9\u03c4\u03cc\u03c2<\/span><\/td>\n<td align=\"left\" valign=\"middle\" bgcolor=\"#FFFFFF\"><span style=\"font-family: Calibri;\">IR: \u03ad\u03c9\u03c2 30 m, \u03bb\u03b5\u03c5\u03ba\u03cc \u03c6\u03c9\u03c2: \u03ad\u03c9\u03c2 20 m<\/span><\/td>\n<\/tr>\n<tr>\n<td align=\"left\" valign=\"middle\" bgcolor=\"#FFFFFF\" height=\"23\"><span style=\"font-family: Calibri;\">\u0391\u03bd\u03af\u03c7\u03bd\u03b5\u03c5\u03c3\u03b7 \u03ba\u03af\u03bd\u03b7\u03c3\u03b7\u03c2 2.0<\/span><\/td>\n<td align=\"left\" valign=\"middle\" bgcolor=\"#FFFFFF\"><span style=\"font-family: Calibri;\">Supoort, \u03c0\u03b5\u03c1\u03b9\u03bb\u03b1\u03bc\u03b2\u03ac\u03bd\u03b5\u03b9 \u03b1\u03bd\u03af\u03c7\u03bd\u03b5\u03c5\u03c3\u03b7 \u03b1\u03bd\u03b8\u03c1\u03ce\u03c0\u03bf\u03c5 \u03ba\u03b1\u03b9 \u03bf\u03c7\u03ae\u03bc\u03b1\u03c4\u03bf\u03c2<\/span><\/td>\n<\/tr>\n<tr>\n<td align=\"left\" valign=\"middle\" bgcolor=\"#FFFFFF\" height=\"23\"><span style=\"font-family: Calibri;\">\u0392\u03b5\u03bb\u03c4\u03af\u03c9\u03c3\u03b7 \u03b5\u03b9\u03ba\u03cc\u03bd\u03b1\u03c2<\/span><\/td>\n<td align=\"left\" valign=\"middle\" bgcolor=\"#FFFFFF\"><span style=\"font-family: Calibri;\">BLC, HLC, 3D DNR<\/span><\/td>\n<\/tr>\n<tr>\n<td align=\"left\" valign=\"middle\" bgcolor=\"#FFFFFF\" height=\"23\"><span style=\"font-family: Calibri;\">\u0395\u03c5\u03c1\u03cd \u03b4\u03c5\u03bd\u03b1\u03bc\u03b9\u03ba\u03cc \u03b5\u03cd\u03c1\u03bf\u03c2<\/span><\/td>\n<td align=\"left\" valign=\"middle\" bgcolor=\"#FFFFFF\"><span style=\"font-family: Calibri;\">120 dB WDR<\/span><\/td>\n<\/tr>\n<tr>\n<td align=\"left\" valign=\"middle\" bgcolor=\"#FFFFFF\" height=\"21\"><span style=\"font-family: Calibri;\">\u03a0\u03c1\u03c9\u03c4\u03cc\u03ba\u03bf\u03bb\u03bb\u03b1<\/span><\/td>\n<td align=\"left\" valign=\"middle\" bgcolor=\"#FFFFFF\"><span style=\"font-family: Calibri;\">TCP\/IP, ICMP, DHCP, DNS, HTTP, RTP, RTSP, NTP, IGMP, IPv6, UDP, QoS, FTP, SMTP<\/span><\/td>\n<\/tr>\n<tr>\n<td align=\"left\" valign=\"middle\" bgcolor=\"#FFFFFF\" height=\"23\"><span style=\"font-family: Calibri;\">API<\/span><\/td>\n<td align=\"left\" valign=\"middle\" bgcolor=\"#FFFFFF\"><span style=\"font-family: Calibri;\">Open Network Video Interface \u0388\u03ba\u03b4\u03bf\u03c3\u03b7 18.12<\/span><\/td>\n<\/tr>\n<tr>\n<td align=\"left\" valign=\"middle\" bgcolor=\"#FFFFFF\" height=\"23\"><span style=\"font-family: Calibri;\">\u03a0\u03b5\u03c1\u03b9\u03bf\u03c7\u03ae \u03b5\u03bd\u03b4\u03b9\u03b1\u03c6\u03ad\u03c1\u03bf\u03bd\u03c4\u03bf\u03c2 (ROI)<\/span><\/td>\n<td align=\"left\" valign=\"middle\" bgcolor=\"#FFFFFF\"><span style=\"font-family: Calibri;\">1 \u03c3\u03c4\u03b1\u03b8\u03b5\u03c1\u03ae \u03c0\u03b5\u03c1\u03b9\u03bf\u03c7\u03ae \u03b3\u03b9\u03b1 \u03c4\u03bf \u03ba\u03cd\u03c1\u03b9\u03bf \u03c1\u03b5\u03cd\u03bc\u03b1<\/span><\/td>\n<\/tr>\n<tr>\n<td align=\"left\" valign=\"middle\" bgcolor=\"#FFFFFF\" height=\"23\"><span style=\"font-family: Calibri;\">\u039c\u03ac\u03c3\u03ba\u03b1 \u03b1\u03c0\u03bf\u03c1\u03c1\u03ae\u03c4\u03bf\u03c5<\/span><\/td>\n<td align=\"left\" valign=\"middle\" bgcolor=\"#FFFFFF\"><span style=\"font-family: Calibri;\">4 \u03c0\u03c1\u03bf\u03b3\u03c1\u03b1\u03bc\u03bc\u03b1\u03c4\u03b9\u03b6\u03cc\u03bc\u03b5\u03bd\u03b5\u03c2 \u03c0\u03bf\u03bb\u03c5\u03b3\u03c9\u03bd\u03b9\u03ba\u03ad\u03c2 \u03bc\u03ac\u03c3\u03ba\u03b5\u03c2 \u03b1\u03c0\u03bf\u03c1\u03c1\u03ae\u03c4\u03bf\u03c5<\/span><\/td>\n<\/tr>\n<tr>\n<td align=\"left\" valign=\"middle\" bgcolor=\"#FFFFFF\" height=\"23\"><span style=\"font-family: Calibri;\">\u0393\u03b5\u03bd\u03b9\u03ba\u03ae \u03bb\u03b5\u03b9\u03c4\u03bf\u03c5\u03c1\u03b3\u03af\u03b1<\/span><\/td>\n<td align=\"left\" valign=\"middle\" bgcolor=\"#FFFFFF\"><span style=\"font-family: Calibri;\">\u039a\u03b1\u03b8\u03c1\u03ad\u03c6\u03c4\u03b7\u03c2, \u03c0\u03b5\u03c1\u03b9\u03c3\u03c4\u03c1\u03bf\u03c6\u03ae, \u03c0\u03c1\u03bf\u03c3\u03c4\u03b1\u03c3\u03af\u03b1 \u03bc\u03b5 \u03ba\u03c9\u03b4\u03b9\u03ba\u03cc \u03c0\u03c1\u03cc\u03c3\u03b2\u03b1\u03c3\u03b7\u03c2, \u03b1\u03c0\u03bf\u03bc\u03b1\u03ba\u03c1\u03c5\u03c3\u03bc\u03ad\u03bd\u03b7 \u03c0\u03c1\u03cc\u03c3\u03b2\u03b1\u03c3\u03b7<\/span><\/td>\n<\/tr>\n<tr>\n<td align=\"left\" valign=\"middle\" bgcolor=\"#FFFFFF\" height=\"23\"><span style=\"font-family: Calibri;\">Ethernet<\/span><\/td>\n<td align=\"left\" valign=\"middle\" bgcolor=\"#FFFFFF\"><span style=\"font-family: Calibri;\">1 \u03b1\u03c5\u03c4\u03bf\u03c0\u03c1\u03bf\u03c3\u03b1\u03c1\u03bc\u03bf\u03b6\u03cc\u03bc\u03b5\u03bd\u03b7 \u03b8\u03cd\u03c1\u03b1 Ethernet RJ45 10 M\/100 M<\/span><\/td>\n<\/tr>\n<tr>\n<td align=\"left\" valign=\"middle\" bgcolor=\"#FFFFFF\" height=\"23\"><span style=\"font-family: Calibri;\">\u03a3\u03c4\u03ad\u03b3\u03b1\u03c3\u03b7<\/span><\/td>\n<td align=\"left\" valign=\"middle\" bgcolor=\"#FFFFFF\"><span style=\"font-family: Calibri;\">\u039c\u03ad\u03c4\u03b1\u03bb\u03bb\u03bf &amp; \u03a0\u03bb\u03b1\u03c3\u03c4\u03b9\u03ba\u03cc<\/span><\/td>\n<\/tr>\n<tr>\n<td align=\"left\" valign=\"middle\" bgcolor=\"#FFFFFF\" height=\"23\"><span style=\"font-family: Calibri;\">\u03a7\u03c1\u03ce\u03bc\u03b1<\/span><\/td>\n<td align=\"left\" valign=\"middle\" bgcolor=\"#FFFFFF\"><span style=\"font-family: Calibri;\">\u039b\u03b5\u03c5\u03ba\u03cc &amp; \u03bc\u03b1\u03cd\u03c1\u03bf<\/span><\/td>\n<\/tr>\n<tr>\n<td align=\"left\" valign=\"middle\" bgcolor=\"#FFFFFF\" height=\"23\"><span style=\"font-family: Calibri;\">\u0391\u03c0\u03bf\u03b8\u03ae\u03ba\u03b5\u03c5\u03c3\u03b7<\/span><\/td>\n<td align=\"left\" valign=\"middle\" bgcolor=\"#FFFFFF\"><span style=\"font-family: Calibri;\">\u0395\u03bd\u03c3\u03c9\u03bc\u03b1\u03c4\u03c9\u03bc\u03ad\u03bd\u03b7 \u03c5\u03c0\u03bf\u03b4\u03bf\u03c7\u03ae microSD\/SDHC\/SDXC, \u03ad\u03c9\u03c2 256 GB<\/span><\/td>\n<\/tr>\n<tr>\n<td align=\"left\" valign=\"middle\" bgcolor=\"#FFFFFF\" height=\"23\"><span style=\"font-family: Calibri;\">\u0395\u03c0\u03b1\u03bd\u03b1\u03c6\u03bf\u03c1\u03ac \u03c5\u03bb\u03b9\u03ba\u03bf\u03cd<\/span><\/td>\n<td align=\"left\" valign=\"middle\" bgcolor=\"#FFFFFF\"><span style=\"font-family: Calibri;\">\u039d\u03b1\u03b9<\/span><\/td>\n<\/tr>\n<tr>\n<td align=\"left\" valign=\"middle\" bgcolor=\"#FFFFFF\" height=\"23\"><span style=\"font-family: Calibri;\">\u0399\u03c3\u03c7\u03cd\u03c2 \u03bb\u03b5\u03b9\u03c4\u03bf\u03c5\u03c1\u03b3\u03af\u03b1\u03c2<\/span><\/td>\n<td align=\"left\" valign=\"middle\" bgcolor=\"#FFFFFF\"><span style=\"font-family: Calibri;\">DC 12 V\u00b1 25%, \u03bc\u03ad\u03b3. 6 W; PoE (802.3af), \u03bc\u03ad\u03b3. 7.5 W<\/span><\/td>\n<\/tr>\n<tr>\n<td align=\"left\" valign=\"middle\" bgcolor=\"#FFFFFF\" height=\"23\"><span style=\"font-family: Calibri;\">\u0398\u03b5\u03c1\u03bc\u03bf\u03ba\u03c1\u03b1\u03c3\u03af\u03b1 \u03bb\u03b5\u03b9\u03c4\u03bf\u03c5\u03c1\u03b3\u03af\u03b1\u03c2<\/span><\/td>\n<td align=\"left\" valign=\"middle\" bgcolor=\"#FFFFFF\"><span style=\"font-family: Calibri;\">-22 \u00b0F &#8211; 140 \u00b0F\/-30 \u00b0C &#8211; 60 \u00b0C<\/span><\/td>\n<\/tr>\n<tr>\n<td align=\"left\" valign=\"middle\" bgcolor=\"#FFFFFF\" height=\"23\"><span style=\"font-family: Calibri;\">\u0395\u03c3\u03c9\u03c4\u03b5\u03c1\u03b9\u03ba\u03ae\/\u03b5\u03be\u03c9\u03c4\u03b5\u03c1\u03b9\u03ba\u03ae \u03c7\u03c1\u03ae\u03c3\u03b7<\/span><\/td>\n<td align=\"left\" valign=\"middle\" bgcolor=\"#FFFFFF\"><span style=\"font-family: Calibri;\">\u0395\u03c3\u03c9\u03c4\u03b5\u03c1\u03b9\u03ba\u03bf\u03cd\/\u03b5\u03be\u03c9\u03c4\u03b5\u03c1\u03b9\u03ba\u03bf\u03cd \u03c7\u03ce\u03c1\u03bf\u03c5<\/span><\/td>\n<\/tr>\n<tr>\n<td align=\"left\" valign=\"middle\" bgcolor=\"#FFFFFF\" height=\"23\"><span style=\"font-family: Calibri;\">\u03a0\u03c1\u03bf\u03c3\u03c4\u03b1\u03c3\u03af\u03b1 \u03b4\u03b9\u03b5\u03c0\u03b1\u03c6\u03ae\u03c2<\/span><\/td>\n<td align=\"left\" valign=\"middle\" bgcolor=\"#FFFFFF\"><span style=\"font-family: Calibri;\">IP67, IK08<\/span><\/td>\n<\/tr>\n<tr>\n<td align=\"left\" valign=\"middle\" bgcolor=\"#FFFFFF\" height=\"23\"><span style=\"font-family: Calibri;\">\u0394\u03b9\u03ac\u03c3\u03c4\u03b1\u03c3\u03b7 (L X W X H)<\/span><\/td>\n<td align=\"left\" valign=\"middle\" bgcolor=\"#FFFFFF\"><span style=\"font-family: Calibri;\">\u00d8121,4 mm \u00d7 97,7 mm (\u00d84,8&#8243; \u00d7 3,8&#8243;)<\/span><\/td>\n<\/tr>\n<tr>\n<td align=\"left\" valign=\"middle\" bgcolor=\"#FFFFFF\" height=\"23\"><span style=\"font-family: Calibri;\">\u0392\u03ac\u03c1\u03bf\u03c2<\/span><\/td>\n<td align=\"left\" valign=\"middle\" bgcolor=\"#FFFFFF\"><span style=\"font-family: Calibri;\">\u03a0\u03b5\u03c1\u03af\u03c0\u03bf\u03c5. 550 g (1.2 lb.)<\/span><\/td>\n<\/tr>\n<\/tbody>\n<\/table>\n","protected":false},"excerpt":{"rendered":"<h4><strong>\u0392\u03b1\u03c3\u03b9\u03ba\u03ac \u03c7\u03b1\u03c1\u03b1\u03ba\u03c4\u03b7\u03c1\u03b9\u03c3\u03c4\u03b9\u03ba\u03ac<\/strong><\/h4>\n<ul>\n<li>  \u039a\u03ac\u03bc\u03b5\u03c1\u03b1 \u03b4\u03b9\u03ba\u03c4\u03cd\u03bf\u03c5 3K IR \u03bc\u03b5 \u03ba\u03bb\u03af\u03bc\u03b1\u03ba\u03b1 \u03b5\u03b9\u03ba\u03cc\u03bd\u03b1\u03c2 16:9<\/li>\n<li>  \u039f \u03c6\u03b1\u03ba\u03cc\u03c2 2.8mm@F1.6 \u03b5\u03c0\u03b1\u03bd\u03b1\u03c6\u03ad\u03c1\u03b5\u03b9 \u03c4\u03b1 \u03c0\u03ac\u03bd\u03c4\u03b1 \u03c3\u03c4\u03b7 \u03b6\u03c9\u03ae<\/li>\n<li>  \u0391\u03c0\u03bf\u03b4\u03bf\u03c4\u03b9\u03ba\u03ae \u03c4\u03b5\u03c7\u03bd\u03bf\u03bb\u03bf\u03b3\u03af\u03b1 \u03c3\u03c5\u03bc\u03c0\u03af\u03b5\u03c3\u03b7\u03c2 H.265+<\/li>\n<li>  \u0391\u03bd\u03af\u03c7\u03bd\u03b5\u03c5\u03c3\u03b7 \u03ba\u03af\u03bd\u03b7\u03c3\u03b7\u03c2 2.0 \u03bc\u03b5 \u03b1\u03bd\u03af\u03c7\u03bd\u03b5\u03c5\u03c3\u03b7 \u03b1\u03bd\u03b8\u03c1\u03ce\u03c0\u03bf\u03c5 \u03ba\u03b1\u03b9 \u03bf\u03c7\u03ae\u03bc\u03b1\u03c4\u03bf\u03c2<\/li>\n<li>  Smart Dual-Light: \u03c0\u03c1\u03bf\u03b7\u03b3\u03bc\u03ad\u03bd\u03b7 \u03c4\u03b5\u03c7\u03bd\u03bf\u03bb\u03bf\u03b3\u03af\u03b1 \u03bc\u03b5 \u03bc\u03b5\u03b3\u03ac\u03bb\u03b7 \u03b5\u03bc\u03b2\u03ad\u03bb\u03b5\u03b9\u03b1<\/li>\n<li>  \u039a\u03b1\u03b8\u03b1\u03c1\u03ae \u03cc\u03c1\u03b1\u03c3\u03b7 \u03b7\u03bc\u03ad\u03c1\u03b1\u03c2 \u03ba\u03b1\u03b9 \u03bd\u03cd\u03c7\u03c4\u03b1\u03c2 \u03bc\u03b5 3D DNR \u03ba\u03b1\u03b9 120DB WDR<\/li>\n<li>  \u0395\u03bd\u03c3\u03c9\u03bc\u03b1\u03c4\u03c9\u03bc\u03ad\u03bd\u03bf \u03bc\u03b9\u03ba\u03c1\u03cc\u03c6\u03c9\u03bd\u03bf \u03b3\u03b9\u03b1 \u03b1\u03c3\u03c6\u03ac\u03bb\u03b5\u03b9\u03b1 \u03ae\u03c7\u03bf\u03c5 \u03c3\u03b5 \u03c0\u03c1\u03b1\u03b3\u03bc\u03b1\u03c4\u03b9\u03ba\u03cc \u03c7\u03c1\u03cc\u03bd\u03bf<\/li>\n<li>  \u03a5\u03c0\u03bf\u03c3\u03c4\u03ae\u03c1\u03b9\u03be\u03b7 \u03b5\u03bd\u03c3\u03c9\u03bc\u03b1\u03c4\u03c9\u03bc\u03ad\u03bd\u03bf\u03c5 \u03b1\u03c0\u03bf\u03b8\u03b7\u03ba\u03b5\u03c5\u03c4\u03b9\u03ba\u03bf\u03cd \u03c7\u03ce\u03c1\u03bf\u03c5 \u03ad\u03c9\u03c2 256 GB (\u03c5\u03c0\u03bf\u03b4\u03bf\u03c7\u03ae \u03ba\u03ac\u03c1\u03c4\u03b1\u03c2 SD)<\/li>\n<li>  IP67 \u03a3\u03ba\u03cc\u03bd\u03b7 \u03ba\u03b1\u03b9 \u03b1\u03b4\u03b9\u03ac\u03b2\u03c1\u03bf\u03c7\u03b7 \u03b2\u03b1\u03b8\u03bc\u03bf\u03bb\u03bf\u03b3\u03af\u03b1<\/li>\n<li>  \u03a5\u03c0\u03bf\u03c3\u03c4\u03ae\u03c1\u03b9\u03be\u03b7 PoE &amp;DC12V<\/li>\n<\/ul>\n","protected":false},"featured_media":5911,"comment_status":"open","ping_status":"closed","template":"","meta":{"_exactmetrics_skip_tracking":false,"_exactmetrics_sitenote_active":false,"_exactmetrics_sitenote_note":"","_exactmetrics_sitenote_category":0},"product_brand":[],"product_cat":[247],"product_tag":[],"class_list":{"0":"post-6922","1":"product","2":"type-product","3":"status-publish","4":"has-post-thumbnail","6":"product_cat--cctv","8":"first","9":"instock","10":"shipping-taxable","11":"purchasable","12":"product-type-simple"},"_links":{"self":[{"href":"https:\/\/seqrell.com\/el\/wp-json\/wp\/v2\/product\/6922","targetHints":{"allow":["GET"]}}],"collection":[{"href":"https:\/\/seqrell.com\/el\/wp-json\/wp\/v2\/product"}],"about":[{"href":"https:\/\/seqrell.com\/el\/wp-json\/wp\/v2\/types\/product"}],"replies":[{"embeddable":true,"href":"https:\/\/seqrell.com\/el\/wp-json\/wp\/v2\/comments?post=6922"}],"wp:featuredmedia":[{"embeddable":true,"href":"https:\/\/seqrell.com\/el\/wp-json\/wp\/v2\/media\/5911"}],"wp:attachment":[{"href":"https:\/\/seqrell.com\/el\/wp-json\/wp\/v2\/media?parent=6922"}],"wp:term":[{"taxonomy":"product_brand","embeddable":true,"href":"https:\/\/seqrell.com\/el\/wp-json\/wp\/v2\/product_brand?post=6922"},{"taxonomy":"product_cat","embeddable":true,"href":"https:\/\/seqrell.com\/el\/wp-json\/wp\/v2\/product_cat?post=6922"},{"taxonomy":"product_tag","embeddable":true,"href":"https:\/\/seqrell.com\/el\/wp-json\/wp\/v2\/product_tag?post=6922"}],"curies":[{"name":"wp","href":"https:\/\/api.w.org\/{rel}","templated":true}]}}