{"id":6935,"date":"2024-03-20T10:46:57","date_gmt":"2024-03-20T08:46:57","guid":{"rendered":"https:\/\/seqrell.com\/product\/nvr-hikvision-ds-7616ni-m2-16p\/"},"modified":"2024-06-06T12:51:59","modified_gmt":"2024-06-06T10:51:59","slug":"nvr-hikvision-ds-7616ni-m2-16p","status":"publish","type":"product","link":"https:\/\/seqrell.com\/el\/product\/nvr-hikvision-ds-7616ni-m2-16p\/","title":{"rendered":"HIKVISION NVR DS-7616NI-M2\/16P"},"content":{"rendered":"<ul>\n<li><strong>\u0392\u03af\u03bd\u03c4\u03b5\u03bf \u03ba\u03b1\u03b9 \u03ae\u03c7\u03bf\u03c2<\/strong><\/li>\n<li>\u0395\u03af\u03c3\u03bf\u03b4\u03bf\u03c2 \u03b2\u03af\u03bd\u03c4\u03b5\u03bf IP <span style=\"color: #000000;\">16-ch<\/span><span style=\"color: #000000;\"> \u0388\u03c9\u03c2 \u03ba\u03b1\u03b9 32 MP \u03b1\u03bd\u03ac\u03bb\u03c5\u03c3\u03b7<\/span><span style=\"color: #000000;\"> *: \u039c\u03b5\u03c4\u03ac \u03c4\u03b7\u03bd \u03b5\u03bd\u03b5\u03c1\u03b3\u03bf\u03c0\u03bf\u03af\u03b7\u03c3\u03b7 \u03c4\u03b7\u03c2 \u03bb\u03b5\u03b9\u03c4\u03bf\u03c5\u03c1\u03b3\u03af\u03b1\u03c2 \u03b1\u03bd\u03ac\u03bb\u03c5\u03c3\u03b7\u03c2 ultra HD,<\/span><span style=\"color: #000000;\"> \u03c4\u03bf NVR \u03c5\u03c0\u03bf\u03c3\u03c4\u03b7\u03c1\u03af\u03b6\u03b5\u03b9 \u03ad\u03c9\u03c2 \u03ba\u03b1\u03b9 8-ch \u03b5\u03b9\u03c3\u03cc\u03b4\u03bf\u03c5\u03c2 \u03b2\u03af\u03bd\u03c4\u03b5\u03bf IP 32 MP\/24 MP<\/span>.<\/li>\n<li>\u0395\u03b9\u03c3\u03b5\u03c1\u03c7\u03cc\u03bc\u03b5\u03bd\u03bf \u03b5\u03cd\u03c1\u03bf\u03c2 \u03b6\u03ce\u03bd\u03b7\u03c2 <span style=\"color: #000000;\">256 Mbps<\/span><\/li>\n<li>\u0395\u03be\u03b5\u03c1\u03c7\u03cc\u03bc\u03b5\u03bd\u03bf \u03b5\u03cd\u03c1\u03bf\u03c2 \u03b6\u03ce\u03bd\u03b7\u03c2 <span style=\"color: #000000;\">256 Mbps<\/span><\/li>\n<li>\u0388\u03be\u03bf\u03b4\u03bf\u03c2 HDMI <span style=\"color: #000000;\">8K (7680 \u00d7 4320)\/30Hz, 4K (3840 \u00d7 2160)\/60Hz, <\/span><span style=\"color: #000000;\">4K (3840 \u00d7 2160)\/30Hz, 2K (2560 \u00d7 1440)\/60Hz, 1920 \u00d7 1080\/60Hz<\/span><\/li>\n<li>\u0388\u03be\u03bf\u03b4\u03bf\u03c2 VGA <span style=\"color: #000000;\">1920 \u00d7 1080\/60Hz<\/span><\/li>\n<li>\u039b\u03b5\u03b9\u03c4\u03bf\u03c5\u03c1\u03b3\u03af\u03b1 \u03b5\u03be\u03cc\u03b4\u03bf\u03c5 \u03b2\u03af\u03bd\u03c4\u03b5\u03bf <span style=\"color: #000000;\">\u0391\u03bd\u03b5\u03be\u03ac\u03c1\u03c4\u03b7\u03c4\u03b7 \u03ad\u03be\u03bf\u03b4\u03bf\u03c2 HDMI\/VGA<\/span><\/li>\n<li>\u0388\u03be\u03bf\u03b4\u03bf\u03c2 CVBS <span style=\"color: #000000;\">1-ch, BNC (1,0 Vp-p, 75 \u03a9), \u03b1\u03bd\u03ac\u03bb\u03c5\u03c3\u03b7: 704 \u00d7 576, NTSC: 704 \u00d7 480<\/span><\/li>\n<li>\u0388\u03be\u03bf\u03b4\u03bf\u03c2 \u03ae\u03c7\u03bf\u03c5 <span style=\"color: #000000;\">1-ch, RCA (\u03b3\u03c1\u03b1\u03bc\u03bc\u03b9\u03ba\u03ae, 1 K\u03a9)<\/span><\/li>\n<li>\u0391\u03bc\u03c6\u03af\u03b4\u03c1\u03bf\u03bc\u03bf\u03c2 \u03ae\u03c7\u03bf\u03c2 <span style=\"color: #000000;\">1-ch, RCA (2,0 Vp-p, 1 K\u03a9, \u03c7\u03c1\u03b7\u03c3\u03b9\u03bc\u03bf\u03c0\u03bf\u03b9\u03ce\u03bd\u03c4\u03b1\u03c2 \u03c4\u03b7\u03bd \u03b5\u03af\u03c3\u03bf\u03b4\u03bf \u03ae\u03c7\u03bf\u03c5)<\/span><\/li>\n<\/ul>\n<ul>\n<li><strong>\u0391\u03c0\u03bf\u03ba\u03c9\u03b4\u03b9\u03ba\u03bf\u03c0\u03bf\u03af\u03b7\u03c3\u03b7<\/strong><\/li>\n<li>\u039c\u03bf\u03c1\u03c6\u03ae \u03b1\u03c0\u03bf\u03ba\u03c9\u03b4\u03b9\u03ba\u03bf\u03c0\u03bf\u03af\u03b7\u03c3\u03b7\u03c2 <span style=\"color: #000000;\">H.265+\/H.265\/H.264+\/H.264<\/span><\/li>\n<li>\u0391\u03bd\u03ac\u03bb\u03c5\u03c3\u03b7 \u03b5\u03b3\u03b3\u03c1\u03b1\u03c6\u03ae\u03c2 <span style=\"color: #000000;\">32 MP\/24 MP\/12 MP\/8 MP\/6 MP\/5 MP\/4 MP\/3 MP\/1080p\/UXGA\/720p\/VGA \/4CIF\/DCIF\/ 2CIF\/CIF\/QCIF<\/span><span style=\"color: #000000;\"> *: \u039c\u03b5\u03c4\u03ac \u03c4\u03b7\u03bd \u03b5\u03bd\u03b5\u03c1\u03b3\u03bf\u03c0\u03bf\u03af\u03b7\u03c3\u03b7 \u03c4\u03b7\u03c2 \u03bb\u03b5\u03b9\u03c4\u03bf\u03c5\u03c1\u03b3\u03af\u03b1\u03c2 \u03b1\u03bd\u03ac\u03bb\u03c5\u03c3\u03b7\u03c2 ultra HD, \u03c4\u03bf NVR \u03c5\u03c0\u03bf\u03c3\u03c4\u03b7\u03c1\u03af\u03b6\u03b5\u03b9 \u03ad\u03c9\u03c2 \u03ba\u03b1\u03b9 8-ch 32 MP\/24 MP \u03b5\u03b9\u03c3\u03cc\u03b4\u03bf\u03c5\u03c2 \u03b2\u03af\u03bd\u03c4\u03b5\u03bf IP.<\/span><\/li>\n<li>\u03a3\u03cd\u03b3\u03c7\u03c1\u03bf\u03bd\u03b7 \u03b1\u03bd\u03b1\u03c0\u03b1\u03c1\u03b1\u03b3\u03c9\u03b3\u03ae <span style=\"color: #000000;\">16-ch<\/span><\/li>\n<li>\u0399\u03ba\u03b1\u03bd\u03cc\u03c4\u03b7\u03c4\u03b1 \u03b1\u03c0\u03bf\u03ba\u03c9\u03b4\u03b9\u03ba\u03bf\u03c0\u03bf\u03af\u03b7\u03c3\u03b7\u03c2 <span style=\"color: #000000;\">2-ch@32 MP (30 fps)+2-ch@8MP<span style=\"font-family: NSimSun;\"><br \/>\n<span style=\"font-size: small;\"><br \/>\n<span lang=\"zh-CN\">\uff08<\/span><br \/>\n<\/span><br \/>\n<\/span>30fps<span style=\"font-family: NSimSun;\"><br \/>\n<span style=\"font-size: small;\"><br \/>\n<span lang=\"zh-CN\">\uff09<\/span><br \/>\n<\/span><br \/>\n<\/span>\/10-ch@8 MP (30 fps)\/20-ch@4 MP (30 fps)\/40-ch@1080p (30 fps)<\/span><\/li>\n<li><span style=\"color: #000000;\">\u03a5\u03c0\u03bf\u03c3\u03c4\u03ae\u03c1\u03b9\u03be\u03b7<\/span> \u03b5\u03b3\u03b3\u03c1\u03b1\u03c6\u03ae\u03c2 Dual-Stream<\/li>\n<li>\u03a4\u03cd\u03c0\u03bf\u03c2 \u03c1\u03bf\u03ae\u03c2 <span style=\"color: #000000;\">\u0392\u03af\u03bd\u03c4\u03b5\u03bf, \u0392\u03af\u03bd\u03c4\u03b5\u03bf &amp; \u0389\u03c7\u03bf\u03c2<\/span><\/li>\n<li>\u03a3\u03c5\u03bc\u03c0\u03af\u03b5\u03c3\u03b7 \u03ae\u03c7\u03bf\u03c5 <span style=\"color: #000000;\">G.711ulaw\/G.711alaw\/G.722\/G.726\/AAC\/MP2L2<\/span><\/li>\n<\/ul>\n<ul>\n<li><strong>\u0394\u03af\u03ba\u03c4\u03c5\u03bf<\/strong><\/li>\n<li>\u0391\u03c0\u03bf\u03bc\u03b1\u03ba\u03c1\u03c5\u03c3\u03bc\u03ad\u03bd\u03b7 \u03c3\u03cd\u03bd\u03b4\u03b5\u03c3\u03b7 <span style=\"color: #000000;\">128<\/span><\/li>\n<li>\u03a0\u03c1\u03c9\u03c4\u03cc\u03ba\u03bf\u03bb\u03bb\u03bf \u03b4\u03b9\u03ba\u03c4\u03cd\u03bf\u03c5 <span style=\"color: #000000;\">TCP\/IP, DHCP, IPv4, IPv6, DNS, DDNS, NTP, RTSP, SADP, SMTP, SNMP, NFS, iSCSI, ISUP, UPnP\u2122, HTTP, HTTPS<\/span><\/li>\n<li>\u0394\u03b9\u03b1\u03c3\u03cd\u03bd\u03b4\u03b5\u03c3\u03b7 \u03b4\u03b9\u03ba\u03c4\u03cd\u03bf\u03c5 <span style=\"color: #000000;\">1, RJ-45 10\/100\/1000 Mbps \u03b1\u03c5\u03c4\u03bf\u03c0\u03c1\u03bf\u03c3\u03b1\u03c1\u03bc\u03bf\u03b6\u03cc\u03bc\u03b5\u03bd\u03b7 \u03b4\u03b9\u03b1\u03c3\u03cd\u03bd\u03b4\u03b5\u03c3\u03b7 Ethernet<\/span><\/li>\n<\/ul>\n<ul>\n<li><strong>PoE<\/strong><\/li>\n<li>\u0394\u03b9\u03b1\u03c3\u03cd\u03bd\u03b4\u03b5\u03c3\u03b7 <span style=\"color: #000000;\">16, RJ-45 10\/100 Mbps \u03b1\u03c5\u03c4\u03bf\u03c0\u03c1\u03bf\u03c3\u03b1\u03c1\u03bc\u03bf\u03b6\u03cc\u03bc\u03b5\u03bd\u03b7 \u03b4\u03b9\u03b1\u03c3\u03cd\u03bd\u03b4\u03b5\u03c3\u03b7 Ethernet<\/span><\/li>\n<li>\u0399\u03c3\u03c7\u03cd\u03c2 <span style=\"color: #000000;\">\u2264 200 W<\/span><\/li>\n<li>\u03a0\u03c1\u03cc\u03c4\u03c5\u03c0\u03bf <span style=\"color: #000000;\">IEEE 802.3 af\/at<\/span><\/li>\n<\/ul>\n<ul>\n<li><strong>\u0392\u03bf\u03b7\u03b8\u03b7\u03c4\u03b9\u03ba\u03ae \u03b4\u03b9\u03b5\u03c0\u03b1\u03c6\u03ae<\/strong><\/li>\n<li>SATA <span style=\"color: #000000;\">2 \u03b4\u03b9\u03b5\u03c0\u03b1\u03c6\u03ad\u03c2 SATA<\/span><\/li>\n<li>\u03a7\u03c9\u03c1\u03b7\u03c4\u03b9\u03ba\u03cc\u03c4\u03b7\u03c4\u03b1 <span style=\"color: #000000;\">\u03a7\u03c9\u03c1\u03b7\u03c4\u03b9\u03ba\u03cc\u03c4\u03b7\u03c4\u03b1 \u03ad\u03c9\u03c2 16 TB \u03b3\u03b9\u03b1 \u03ba\u03ac\u03b8\u03b5 HDD<\/span><\/li>\n<li><span style=\"color: #000000;\">\u0395\u03af\u03c3\u03bf\u03b4\u03bf\u03c2\/\u03ad\u03be\u03bf\u03b4\u03bf\u03c2<\/span> \u03c3\u03c5\u03bd\u03b1\u03b3\u03b5\u03c1\u03bc\u03bf\u03cd4\/1<\/li>\n<li>\u0394\u03b9\u03b1\u03c3\u03cd\u03bd\u03b4\u03b5\u03c3\u03b7 USB <span style=\"color: #000000;\">\u039c\u03c0\u03c1\u03bf\u03c3\u03c4\u03b9\u03bd\u03ae \u03c0\u03bb\u03b5\u03c5\u03c1\u03ac: \u03a0\u03af\u03c3\u03c9 \u03c0\u03bb\u03b5\u03c5\u03c1\u03ac: 1 \u00d7 USB 2.0: 1 \u00d7 USB 3.0<\/span><\/li>\n<\/ul>\n<ul>\n<li><strong>\u0393\u03b5\u03bd\u03b9\u03ba\u03ac<\/strong><\/li>\n<li>\u03a0\u03b1\u03c1\u03bf\u03c7\u03ae \u03c1\u03b5\u03cd\u03bc\u03b1\u03c4\u03bf\u03c2 <span style=\"color: #000000;\">100 \u03ad\u03c9\u03c2 240 VAC, 50 \u03ad\u03c9\u03c2 60 Hz<\/span><\/li>\n<li>\u039a\u03b1\u03c4\u03b1\u03bd\u03ac\u03bb\u03c9\u03c3\u03b7 <span style=\"color: #000000;\">\u2264 15 W (\u03c7\u03c9\u03c1\u03af\u03c2 HDD \u03ba\u03b1\u03b9 \u03b1\u03c0\u03b5\u03bd\u03b5\u03c1\u03b3\u03bf\u03c0\u03bf\u03b9\u03b7\u03bc\u03ad\u03bd\u03bf PoE)<\/span><\/li>\n<li>\u0398\u03b5\u03c1\u03bc\u03bf\u03ba\u03c1\u03b1\u03c3\u03af\u03b1 \u03bb\u03b5\u03b9\u03c4\u03bf\u03c5\u03c1\u03b3\u03af\u03b1\u03c2 <span style=\"color: #000000;\">-10 \u00b0C \u03ad\u03c9\u03c2 55 \u00b0C (14 \u00b0F \u03ad\u03c9\u03c2 131 \u00b0F)<\/span><\/li>\n<li>\u03a5\u03b3\u03c1\u03b1\u03c3\u03af\u03b1 \u03b5\u03c1\u03b3\u03b1\u03c3\u03af\u03b1\u03c2 <span style=\"color: #000000;\">10% \u03ad\u03c9\u03c2 90%<\/span><\/li>\n<li>\u0394\u03b9\u03ac\u03c3\u03c4\u03b1\u03c3\u03b7 (\u03a0\u00d7\u0392\u00d7\u03a5) <span style=\"color: #000000;\">385 \u00d7 315 \u00d7 52 mm (15.2&#8243; \u00d7 12.4&#8243; \u00d7 2.0&#8243;)<\/span><\/li>\n<li>\u0392\u03ac\u03c1\u03bf\u03c2 <span style=\"color: #000000;\">\u2264 3 kg (\u03c7\u03c9\u03c1\u03af\u03c2 HDD, 2,2 lb.)<\/span><\/li>\n<\/ul>\n<ul>\n<li><strong>\u03a0\u03b9\u03c3\u03c4\u03bf\u03c0\u03bf\u03af\u03b7\u03c3\u03b7<\/strong><\/li>\n<li>FCC <span style=\"color: #000000;\">\u039c\u03ad\u03c1\u03bf\u03c2 15, \u03c4\u03bc\u03ae\u03bc\u03b1 B, ANSI C63.4-2014<\/span><\/li>\n<li>CE <span style=\"color: #000000;\">EN 55032:2015+A1:2020, ENIEC61000-3-2:2019+A1:2021, EN 61000-3-3:2013+A1:201<\/span><span style=\"color: #000000;\"><br \/>\n<\/span> 9<span style=\"color: #000000;\">, EN 50130-4:2011+A1:2014, EN 55035:2017+A11:<\/span>2020<\/li>\n<\/ul>\n<table style=\"border-collapse: separate; border-spacing: 10px; box-shadow: 0 4px 8px rgba(0, 0, 0, 0.1); margin-top: 20px;\">\n<tbody>\n<tr>\n<td style=\"padding: 10px; border: 1px solid #dddddd; background-color: white;\"><a href=\"https:\/\/seqrell.com\/wp-content\/uploads\/2024\/04\/Manual-User.pdf\" target=\"_blank\" rel=\"noopener\"><img decoding=\"async\" style=\"margin-right: 5px;\" src=\"https:\/\/seqrell.com\/wp-content\/uploads\/2024\/04\/document-download-icon_User-manual.png\" alt=\"\u039a\u03bf\u03c1\u03af\u03c4\u03c3\u03b9 \u03bc\u03b5 \u03c3\u03b1\u03ba\u03ac\u03ba\u03b9\" width=\"50px\" height=\"50px\" \/>\u0395\u03b3\u03c7\u03b5\u03b9\u03c1\u03af\u03b4\u03b9\u03bf \u03c7\u03c1\u03ae\u03c3\u03b7\u03c2 <\/a><\/td>\n<td style=\"padding: 10px; border: 1px solid #dddddd; background-color: white;\"><a href=\"https:\/\/seqrell.com\/wp-content\/uploads\/2024\/04\/Technical-Data.pdf\" target=\"_blank\" rel=\"noopener\"><img decoding=\"async\" style=\"margin-right: 5px;\" src=\"https:\/\/seqrell.com\/wp-content\/uploads\/2024\/04\/document-download-icon_Datasheet.png\" alt=\"\u039a\u03bf\u03c1\u03af\u03c4\u03c3\u03b9 \u03bc\u03b5 \u03c3\u03b1\u03ba\u03ac\u03ba\u03b9\" width=\"50px\" height=\"50px\" \/>\u03a4\u03b5\u03c7\u03bd\u03b9\u03ba\u03ac \u03c3\u03c4\u03bf\u03b9\u03c7\u03b5\u03af\u03b1<\/a><\/td>\n<\/tr>\n<\/tbody>\n<\/table>\n","protected":false},"excerpt":{"rendered":"<h2 class=\"prod_name\"><span class=\"prod_name-content\">16-ch 1U 16 PoE 8K NVR<\/span><\/h2>\n<ul class=\"product_description_item-list\">\n<li class=\"product_description_item\">\u039c\u03bf\u03c1\u03c6\u03ad\u03c2 \u03b2\u03af\u03bd\u03c4\u03b5\u03bf H.265+\/H.265\/H.264+\/H.264<\/li>\n<li class=\"product_description_item\">\u0388\u03c9\u03c2 \u03ba\u03b1\u03b9 16-ch \u03b5\u03b9\u03c3\u03cc\u03b4\u03bf\u03c5\u03c2 \u03ba\u03b1\u03bc\u03b5\u03c1\u03ce\u03bd IP<\/li>\n<li class=\"product_description_item\">\u0399\u03ba\u03b1\u03bd\u03cc\u03c4\u03b7\u03c4\u03b1 \u03b1\u03c0\u03bf\u03ba\u03c9\u03b4\u03b9\u03ba\u03bf\u03c0\u03bf\u03af\u03b7\u03c3\u03b7\u03c2 \u03ad\u03c9\u03c2 \u03ba\u03b1\u03b9 16-ch@4MP<\/li>\n<li class=\"product_description_item\">\u0395\u03b9\u03c3\u03b5\u03c1\u03c7\u03cc\u03bc\u03b5\u03bd\u03bf \u03b5\u03cd\u03c1\u03bf\u03c2 \u03b6\u03ce\u03bd\u03b7\u03c2 \u03ad\u03c9\u03c2 256 Mbps<\/li>\n<\/ul>\n","protected":false},"featured_media":5746,"comment_status":"open","ping_status":"closed","template":"","meta":{"_exactmetrics_skip_tracking":false,"_exactmetrics_sitenote_active":false,"_exactmetrics_sitenote_note":"","_exactmetrics_sitenote_category":0},"product_brand":[],"product_cat":[247],"product_tag":[],"class_list":{"0":"post-6935","1":"product","2":"type-product","3":"status-publish","4":"has-post-thumbnail","6":"product_cat--cctv","8":"first","9":"instock","10":"sold-individually","11":"shipping-taxable","12":"product-type-simple"},"_links":{"self":[{"href":"https:\/\/seqrell.com\/el\/wp-json\/wp\/v2\/product\/6935","targetHints":{"allow":["GET"]}}],"collection":[{"href":"https:\/\/seqrell.com\/el\/wp-json\/wp\/v2\/product"}],"about":[{"href":"https:\/\/seqrell.com\/el\/wp-json\/wp\/v2\/types\/product"}],"replies":[{"embeddable":true,"href":"https:\/\/seqrell.com\/el\/wp-json\/wp\/v2\/comments?post=6935"}],"wp:featuredmedia":[{"embeddable":true,"href":"https:\/\/seqrell.com\/el\/wp-json\/wp\/v2\/media\/5746"}],"wp:attachment":[{"href":"https:\/\/seqrell.com\/el\/wp-json\/wp\/v2\/media?parent=6935"}],"wp:term":[{"taxonomy":"product_brand","embeddable":true,"href":"https:\/\/seqrell.com\/el\/wp-json\/wp\/v2\/product_brand?post=6935"},{"taxonomy":"product_cat","embeddable":true,"href":"https:\/\/seqrell.com\/el\/wp-json\/wp\/v2\/product_cat?post=6935"},{"taxonomy":"product_tag","embeddable":true,"href":"https:\/\/seqrell.com\/el\/wp-json\/wp\/v2\/product_tag?post=6935"}],"curies":[{"name":"wp","href":"https:\/\/api.w.org\/{rel}","templated":true}]}}